{"id":50,"date":"2025-03-13T11:54:11","date_gmt":"2025-03-13T10:54:11","guid":{"rendered":"https:\/\/taxi-rolfes.de\/?page_id=50"},"modified":"2025-03-13T11:54:13","modified_gmt":"2025-03-13T10:54:13","slug":"impressum","status":"publish","type":"page","link":"https:\/\/www.taxi-rolfes.de\/?page_id=50","title":{"rendered":"Impressum"},"content":{"rendered":"\n  \n    <section class=\"u-clearfix u-section-1\" id=\"block-1\">\n      <div class=\"u-clearfix u-sheet u-sheet-1\">\n        <h1 class=\"u-text u-text-1\">Impressum<\/h1>\n        <p class=\"u-large-text u-text u-text-variant u-text-2\"> Angaben gem\u00e4\u00df \u00a7 5 TMG<br>\n          <br>Taxi-Rolfes GmbH<br>Gesch\u00e4ftsf\u00fchrung: Heike Neehoff<br>Neulande 4 <br>49733 Haren<br>Tel.: 05932 \/ 3366<br>neehoff.haren@freenet.de<br>\n          <br>Handelsregister B des Amtsgerichts Osnabr\u00fcck:&nbsp;<br>HRB 120648<br>\n          <br>Steuernummer:<br>61\/205\/05311<br>\n          <br>Technische Realisierung<br>IT Plaggenborg<br>Web: www.it-plaggenborg.de<br>Mail: info@it-plaggenborg.de<br>\n          <br>\n          <br>Streitschlichtung<br>Die Europ\u00e4ische Kommission stellt eine Plattform zur Online-Streitbeilegung (OS) bereit:<br>https:\/\/ec.europa.eu\/consumers\/odr.<br>Unsere E-Mail-Adresse finden Sie oben im Impressum.<br>Wir sind nicht bereit oder verpflichtet, an Streitbeilegungsverfahren vor einer<br>Verbraucherschlichtungsstelle teilzunehmen.<br>\n          <br>\n          <br>Haftung f\u00fcr Inhalte<br>Als Diensteanbieter sind wir gem\u00e4\u00df \u00a7 7 Abs.1 TMG f\u00fcr eigene Inhalte auf diesen Seiten nach den<br>allgemeinen Gesetzen verantwortlich. Nach \u00a7\u00a7 8 bis 10 TMG sind wir als Diensteanbieter jedoch nicht<br>verpflichtet, \u00fcbermittelte oder gespeicherte fremde Informationen zu \u00fcberwachen oder nach Umst\u00e4nden zu<br>forschen, die auf eine rechtswidrige T\u00e4tigkeit hinweisen.<br>\n          <br>Verpflichtungen zur Entfernung oder Sperrung der Nutzung von Informationen nach den allgemeinen<br>Gesetzen bleiben hiervon unber\u00fchrt. Eine diesbez\u00fcgliche Haftung ist jedoch erst ab dem Zeitpunkt der<br>Kenntnis einer konkreten Rechtsverletzung m\u00f6glich. Bei Bekanntwerden von entsprechenden<br>Rechtsverletzungen werden wir diese Inhalte umgehend entfernen.<br>Haftung f\u00fcr Links<br>Unser Angebot enth\u00e4lt Links zu externen Websites Dritter, auf deren Inhalte wir keinen Einfluss haben.<br>Deshalb k\u00f6nnen wir f\u00fcr diese fremden Inhalte auch keine Gew\u00e4hr \u00fcbernehmen. F\u00fcr die Inhalte der<br>verlinkten Seiten ist stets der jeweilige Anbieter oder Betreiber der Seiten verantwortlich. Die verlinkten<br>Seiten wurden zum Zeitpunkt der Verlinkung auf m\u00f6gliche Rechtsverst\u00f6\u00dfe \u00fcberpr\u00fcft. Rechtswidrige Inhalte<br>waren zum Zeitpunkt der Verlinkung nicht erkennbar.<br>Eine permanente inhaltliche Kontrolle der verlinkten Seiten ist jedoch ohne konkrete Anhaltspunkte einer<br>Rechtsverletzung nicht zumutbar. Bei Bekanntwerden von Rechtsverletzungen werden wir derartige Links<br>umgehend entfernen.<br>Urheberrecht<br>Die durch die Seitenbetreiber erstellten Inhalte und Werke auf diesen Seiten unterliegen dem deutschen<br>Urheberrecht. Die Vervielf\u00e4ltigung, Bearbeitung, Verbreitung und jede Art der Verwertung au\u00dferhalb der<br>Grenzen des Urheberrechtes bed\u00fcrfen der schriftlichen Zustimmung des jeweiligen Autors bzw. Erstellers.<br>Downloads und Kopien dieser Seite sind nur f\u00fcr den privaten, nicht kommerziellen Gebrauch gestattet.<br>Soweit die Inhalte auf dieser Seite nicht vom Betreiber erstellt wurden, werden die Urheberrechte Dritter<br>beachtet. Insbesondere werden Inhalte Dritter als solche gekennzeichnet. Sollten Sie trotzdem auf eine<br>Urheberrechtsverletzung aufmerksam werden, bitten wir um einen entsprechenden Hinweis. Bei<br>Bekanntwerden von Rechtsverletzungen werden wir derartige Inhalte umgehend entfernen.<br>\n          <br>\n          <br>Quellenangaben f\u00fcr die verwendeten Bilder, Grafiken und Videos:<br>\n          <br>\n          <br>\n          <br>\n          <br>https:\/\/www.e-recht24.de\/impressum-generator.html\n        <\/p>\n      <\/div>\n    <\/section>\n    \n    \n    \n    \n    \n  \n","protected":false},"excerpt":{"rendered":"<p>Impressum Angaben gem\u00e4\u00df \u00a7 5 TMG Taxi-Rolfes GmbHGesch\u00e4ftsf\u00fchrung: Heike NeehoffNeulande 4 49733 HarenTel.: 05932 \/ 3366neehoff.haren@freenet.de Handelsregister B des Amtsgerichts Osnabr\u00fcck:&nbsp;HRB 120648 Steuernummer:61\/205\/05311 Technische RealisierungIT PlaggenborgWeb: www.it-plaggenborg.deMail: info@it-plaggenborg.de StreitschlichtungDie Europ\u00e4ische Kommission stellt eine Plattform zur Online-Streitbeilegung (OS) bereit:https:\/\/ec.europa.eu\/consumers\/odr.Unsere E-Mail-Adresse finden Sie oben im Impressum.Wir sind nicht bereit oder verpflichtet, an Streitbeilegungsverfahren vor einerVerbraucherschlichtungsstelle teilzunehmen. Haftung &hellip; <a href=\"https:\/\/www.taxi-rolfes.de\/?page_id=50\" class=\"more-link\">Continue reading<span class=\"screen-reader-text\"> &#8222;Impressum&#8220;<\/span><\/a><\/p>\n","protected":false},"author":1,"featured_media":0,"parent":0,"menu_order":2,"comment_status":"closed","ping_status":"closed","template":"","meta":{"footnotes":""},"class_list":["post-50","page","type-page","status-publish","hentry"],"_links":{"self":[{"href":"https:\/\/www.taxi-rolfes.de\/index.php?rest_route=\/wp\/v2\/pages\/50","targetHints":{"allow":["GET"]}}],"collection":[{"href":"https:\/\/www.taxi-rolfes.de\/index.php?rest_route=\/wp\/v2\/pages"}],"about":[{"href":"https:\/\/www.taxi-rolfes.de\/index.php?rest_route=\/wp\/v2\/types\/page"}],"author":[{"embeddable":true,"href":"https:\/\/www.taxi-rolfes.de\/index.php?rest_route=\/wp\/v2\/users\/1"}],"replies":[{"embeddable":true,"href":"https:\/\/www.taxi-rolfes.de\/index.php?rest_route=%2Fwp%2Fv2%2Fcomments&post=50"}],"version-history":[{"count":1,"href":"https:\/\/www.taxi-rolfes.de\/index.php?rest_route=\/wp\/v2\/pages\/50\/revisions"}],"predecessor-version":[{"id":59,"href":"https:\/\/www.taxi-rolfes.de\/index.php?rest_route=\/wp\/v2\/pages\/50\/revisions\/59"}],"wp:attachment":[{"href":"https:\/\/www.taxi-rolfes.de\/index.php?rest_route=%2Fwp%2Fv2%2Fmedia&parent=50"}],"curies":[{"name":"wp","href":"https:\/\/api.w.org\/{rel}","templated":true}]}}